{"id":8,"date":"2025-01-14T10:24:52","date_gmt":"2025-01-14T09:24:52","guid":{"rendered":"https:\/\/venskigames.fr\/?page_id=8"},"modified":"2026-04-06T15:23:59","modified_gmt":"2026-04-06T13:23:59","slug":"nos-animations-a-domicile","status":"publish","type":"page","link":"https:\/\/venskigames.fr\/index.php\/nos-animations-a-domicile\/","title":{"rendered":"Nos Animations \ud83c\udccf"},"content":{"rendered":"\n<div class=\"wp-block-cover alignfull is-light\" style=\"padding-top:2%;min-height:30rem;aspect-ratio:unset;\"><img loading=\"lazy\" decoding=\"async\" width=\"1640\" height=\"924\" class=\"wp-block-cover__image-background wp-image-143\" alt=\"\" src=\"https:\/\/venskigames.fr\/wp-content\/uploads\/2025\/01\/Couverture-2.png\" data-object-fit=\"cover\" srcset=\"https:\/\/venskigames.fr\/wp-content\/uploads\/2025\/01\/Couverture-2.png 1640w, https:\/\/venskigames.fr\/wp-content\/uploads\/2025\/01\/Couverture-2-300x169.png 300w, https:\/\/venskigames.fr\/wp-content\/uploads\/2025\/01\/Couverture-2-1024x577.png 1024w, https:\/\/venskigames.fr\/wp-content\/uploads\/2025\/01\/Couverture-2-768x433.png 768w, https:\/\/venskigames.fr\/wp-content\/uploads\/2025\/01\/Couverture-2-1536x865.png 1536w\" sizes=\"auto, (max-width: 1640px) 100vw, 1640px\" \/><span aria-hidden=\"true\" class=\"wp-block-cover__background has-base-background-color has-background-dim-20 has-background-dim\"><\/span><div class=\"wp-block-cover__inner-container has-global-padding is-layout-constrained wp-container-core-cover-is-layout-ee51f2d2 wp-block-cover-is-layout-constrained\">\n<p><\/p>\n<\/div><\/div>\n\n\n\n<section class=\"wp-block-group alignfull has-text-color has-background has-global-padding is-layout-constrained wp-container-core-group-is-layout-4252d6ba wp-block-group-is-layout-constrained\" style=\"color:#03081e;background-color:#e9e9e9;margin-top:0px;padding-top:6.51rem;padding-right:1rem;padding-bottom:5.5rem;padding-left:1rem;font-size:clamp(0.875rem, 0.875rem + ((1vw - 0.2rem) * 0.425), 1.13rem);font-style:normal;font-weight:400;line-height:1.4\">\n<div class=\"wp-block-columns is-layout-flex wp-container-core-columns-is-layout-db2df21c wp-block-columns-is-layout-flex\" style=\"margin-bottom:0px\">\n<div class=\"wp-block-column has-global-padding is-content-justification-left is-layout-constrained wp-container-core-column-is-layout-12dd3699 wp-block-column-is-layout-constrained\" style=\"flex-basis:50%\">\n<div class=\"wp-block-group has-global-padding is-content-justification-center is-layout-constrained wp-container-core-group-is-layout-b15c80d6 wp-block-group-is-layout-constrained\">\n<h2 class=\"wp-block-heading has-text-align-left has-text-color\" style=\"color:#9c5aea;margin-top:0.5rem;margin-bottom:1.01rem;font-size:clamp(1.146rem, 1.146rem + ((1vw - 0.2rem) * 1.09), 1.8rem);font-style:normal;font-weight:600;letter-spacing:0px;line-height:1.3;text-transform:capitalize\">Battle-Royal \u26cf\ufe0f\ud83e\ude82<\/h2>\n\n\n\n<p>Offrez \u00e0 votre enfant une exp\u00e9rience de jeu immersive et palpitante avec notre animation \u00ab\u00a0Battle Royale\u00a0\u00bb sp\u00e9cialement con\u00e7ue pour les jeunes aventuriers. <br>Cette activit\u00e9 unique combine strat\u00e9gie, travail d&rsquo;\u00e9quipe et comp\u00e9tition !<br><strong>Caract\u00e9ristiques de l&rsquo;animation :<\/strong><\/p>\n\n\n\n<ul class=\"wp-block-list\">\n<li>Plusieurs modes de jeu captivants<\/li>\n\n\n\n<li>\u00c9quipement complet fourni :\n<ul class=\"wp-block-list\">\n<li>Pistolets Nerf (40 disponibles)<\/li>\n\n\n\n<li>Lunettes de protection<\/li>\n\n\n\n<li>Sacs tactiques<\/li>\n<\/ul>\n<\/li>\n\n\n\n<li>Un seul vainqueur \u00e0 la fin !<\/li>\n<\/ul>\n\n\n\n<p><strong>D\u00e9tails pratiques :<\/strong><\/p>\n\n\n\n<p>\u00c2ge recommand\u00e9 : 8 ans et plus<\/p>\n\n\n\n<p>Nombre de participants : 4 \u00e0 14 joueurs<\/p>\n\n\n\n<p>Dur\u00e9e : 1h30<\/p>\n\n\n\n<p>Prix : 120\u20ac<\/p>\n<\/div>\n<\/div>\n\n\n\n<div class=\"wp-block-column is-layout-flow wp-block-column-is-layout-flow\">\n<div class=\"wp-block-group is-vertical is-content-justification-left is-layout-flex wp-container-core-group-is-layout-c5d44cae wp-block-group-is-layout-flex\" style=\"min-height:100%\">\n<figure class=\"wp-block-image aligncenter size-full has-custom-border is-style-rounded is-style-rounded--1\"><img decoding=\"async\" src=\"https:\/\/venskigames.wordpress.com\/wp-content\/uploads\/2025\/01\/battle-royale-photo.jpg\" alt=\"\" class=\"wp-image-120\" style=\"border-radius:30px\"\/><\/figure>\n<\/div>\n<\/div>\n<\/div>\n<\/section>\n\n\n\n<section class=\"wp-block-group alignfull has-text-color has-global-padding is-layout-constrained wp-container-core-group-is-layout-b691706e wp-block-group-is-layout-constrained\" style=\"color:#03081e;margin-top:0px;padding-top:4.01rem;padding-right:1rem;padding-bottom:5.5rem;padding-left:1rem;font-size:clamp(0.875rem, 0.875rem + ((1vw - 0.2rem) * 0.425), 1.13rem);font-style:normal;font-weight:400;line-height:1.4\">\n<div class=\"wp-block-columns is-layout-flex wp-container-core-columns-is-layout-db2df21c wp-block-columns-is-layout-flex\" style=\"margin-bottom:0px\">\n<div class=\"wp-block-column is-layout-flow wp-block-column-is-layout-flow\">\n<div class=\"wp-block-group is-vertical is-content-justification-left is-layout-flex wp-container-core-group-is-layout-c5d44cae wp-block-group-is-layout-flex\" style=\"min-height:100%\">\n<div class=\"wp-block-group has-global-padding is-content-justification-center is-layout-constrained wp-container-core-group-is-layout-b15c80d6 wp-block-group-is-layout-constrained\">\n<h2 class=\"wp-block-heading has-text-align-left has-text-color\" style=\"color:#9c5aea;margin-top:0.5rem;margin-bottom:1.01rem;font-size:clamp(1.146rem, 1.146rem + ((1vw - 0.2rem) * 1.09), 1.8rem);font-style:normal;font-weight:600;letter-spacing:0px;line-height:1.3;text-transform:capitalize\">escape Game \ud83e\udde0\ud83d\udd0e<\/h2>\n\n\n\n<p class=\"has-text-align-left has-text-color\" style=\"color:#03081e;margin-top:0rem;font-size:clamp(0.875rem, 0.875rem + ((1vw - 0.2rem) * 0.225), 1.01rem);font-style:normal;font-weight:400;line-height:1.6\"><strong>Plongez vos enfants dans un escape game captivant. Voici un exemple de sc\u00e9nario, mais n&rsquo;oubliez pas que votre enfant peut choisir le th\u00e8me !<\/strong><br>\u00ab\u00a0L&rsquo;Agence Venski contre le Docteur Doofershmitz\u00a0\u00bb. <br>Une exp\u00e9rience unique qui stimule la r\u00e9flexion, la coop\u00e9ration et l&rsquo;imagination !<br><strong>D\u00e9tails de la mission :<\/strong><\/p>\n\n\n\n<ul class=\"wp-block-list\">\n<li>Objectif : R\u00e9cup\u00e9rer les documents secrets du Docteur Doofershmitz<\/li>\n\n\n\n<li>Assistance : Communication en direct avec l&rsquo;agent Phin via talkie-walkie<\/li>\n\n\n\n<li>D\u00e9fi : \u00c9viter les pi\u00e8ges du docteur et s&rsquo;\u00e9chapper du laboratoire<\/li>\n\n\n\n<li>Dur\u00e9e : 1h \u00e0 1h30 d&rsquo;action intense<\/li>\n<\/ul>\n\n\n\n<p><strong>Caract\u00e9ristiques du jeu :<\/strong><\/p>\n\n\n\n<p>\u00c2ge recommand\u00e9 : \u00c0 partir de 8 ans<\/p>\n\n\n\n<p>Nombre de joueurs : 2 \u00e0 8 agents en herbe<\/p>\n\n\n\n<p>Adaptation : Sc\u00e9nario ajust\u00e9 selon l&rsquo;\u00e2ge et le nombre de participants<\/p>\n\n\n\n<p>Tarif : 110\u20ac pour une exp\u00e9rience inoubliable<\/p>\n<\/div>\n<\/div>\n<\/div>\n\n\n\n<div class=\"wp-block-column has-global-padding is-content-justification-left is-layout-constrained wp-container-core-column-is-layout-12dd3699 wp-block-column-is-layout-constrained\" style=\"flex-basis:50%\">\n<figure class=\"wp-block-image size-large has-custom-border\"><img loading=\"lazy\" decoding=\"async\" width=\"1024\" height=\"767\" src=\"https:\/\/venskigames.fr\/wp-content\/uploads\/2025\/01\/EscapeGame-1-1024x767.jpg\" alt=\"\" class=\"wp-image-131\" style=\"border-radius:30px;aspect-ratio:1;object-fit:cover\" srcset=\"https:\/\/venskigames.fr\/wp-content\/uploads\/2025\/01\/EscapeGame-1-1024x767.jpg 1024w, https:\/\/venskigames.fr\/wp-content\/uploads\/2025\/01\/EscapeGame-1-300x225.jpg 300w, https:\/\/venskigames.fr\/wp-content\/uploads\/2025\/01\/EscapeGame-1-768x575.jpg 768w, https:\/\/venskigames.fr\/wp-content\/uploads\/2025\/01\/EscapeGame-1.jpg 1242w\" sizes=\"auto, (max-width: 1024px) 100vw, 1024px\" \/><\/figure>\n<\/div>\n<\/div>\n<\/section>\n\n\n\n<section class=\"wp-block-group alignfull has-text-color has-background has-global-padding is-layout-constrained wp-container-core-group-is-layout-b691706e wp-block-group-is-layout-constrained\" style=\"color:#03081e;background-color:#e9e9e9;margin-top:0px;padding-top:4.01rem;padding-right:1rem;padding-bottom:5.5rem;padding-left:1rem;font-size:clamp(0.875rem, 0.875rem + ((1vw - 0.2rem) * 0.425), 1.13rem);font-style:normal;font-weight:400;line-height:1.4\">\n<div class=\"wp-block-columns is-layout-flex wp-container-core-columns-is-layout-db2df21c wp-block-columns-is-layout-flex\" style=\"margin-bottom:0px\">\n<div class=\"wp-block-column has-global-padding is-content-justification-left is-layout-constrained wp-container-core-column-is-layout-12dd3699 wp-block-column-is-layout-constrained\" style=\"flex-basis:50%\">\n<div class=\"wp-block-group has-global-padding is-content-justification-center is-layout-constrained wp-container-core-group-is-layout-b15c80d6 wp-block-group-is-layout-constrained\">\n<h2 class=\"wp-block-heading has-text-align-left has-text-color\" style=\"color:#9c5aea;margin-top:0.5rem;margin-bottom:1.01rem;font-size:clamp(1.146rem, 1.146rem + ((1vw - 0.2rem) * 1.09), 1.8rem);font-style:normal;font-weight:600;letter-spacing:0px;line-height:1.3;text-transform:capitalize\">Imposteur \ud83d\udd75\ud83c\udffc\ud83d\udd2a<\/h2>\n\n\n\n<p class=\"has-text-align-left has-text-color\" style=\"color:#03081e;margin-top:0rem;font-size:clamp(0.875rem, 0.875rem + ((1vw - 0.2rem) * 0.225), 1.01rem);font-style:normal;font-weight:400;line-height:1.6\">Plongez les enfants dans l&rsquo;univers captivant de \u00ab\u00a0Mission Imposteur\u00a0\u00bb, un jeu d&rsquo;enqu\u00eate et de d\u00e9duction qui combine strat\u00e9gie, alliances et bluff. Cette exp\u00e9rience immersive mettra \u00e0 l&rsquo;\u00e9preuve leur perspicacit\u00e9 et leur esprit d&rsquo;\u00e9quipe.<\/p>\n\n\n\n<p class=\"has-text-align-left has-text-color\" style=\"color:#03081e;margin-top:0rem;font-size:clamp(0.875rem, 0.875rem + ((1vw - 0.2rem) * 0.225), 1.01rem);font-style:normal;font-weight:400;line-height:1.6\"><strong>D\u00e9roulement du jeu :<\/strong><\/p>\n\n\n\n<ul class=\"wp-block-list\">\n<li>Objectif : Les joueurs doivent collaborer pour identifier le ou les imposteur(s) cach\u00e9(s) parmi eux<\/li>\n\n\n\n<li>Challenge : L&rsquo;imposteur tente d&rsquo;\u00e9liminer discr\u00e8tement les autres joueurs sans se faire rep\u00e9rer<\/li>\n\n\n\n<li>\u00c9quipement fourni :\n<ul class=\"wp-block-list\">\n<li>Sacs tactiques<\/li>\n\n\n\n<li>Cartes de r\u00f4les (civil, gardien, imposteur)<\/li>\n\n\n\n<li>Objets bonus pour pimenter la partie<\/li>\n<\/ul>\n<\/li>\n<\/ul>\n\n\n\n<p><strong>D\u00e9tails pratiques :<\/strong><\/p>\n\n\n\n<p>\u00c2ge recommand\u00e9 : \u00c0 partir de 8 ans<\/p>\n\n\n\n<p>Nombre de participants : 5 \u00e0 14 joueurs<\/p>\n\n\n\n<p>Dur\u00e9e : 1h30 (incluant le briefing et le jeu)<\/p>\n\n\n\n<p>Tarif : 115\u20ac<\/p>\n<\/div>\n<\/div>\n\n\n\n<div class=\"wp-block-column is-layout-flow wp-block-column-is-layout-flow\">\n<div class=\"wp-block-group is-vertical is-content-justification-left is-layout-flex wp-container-core-group-is-layout-c5d44cae wp-block-group-is-layout-flex\" style=\"min-height:100%\">\n<figure class=\"wp-block-image aligncenter size-full has-custom-border\"><img decoding=\"async\" src=\"https:\/\/venskigames.wordpress.com\/wp-content\/uploads\/2025\/01\/imposteur-photo-2.jpg\" alt=\"\" class=\"wp-image-125\" style=\"border-radius:30px;object-fit:cover\"\/><\/figure>\n<\/div>\n<\/div>\n<\/div>\n<\/section>\n\n\n\n<section class=\"wp-block-group alignfull has-text-color has-global-padding is-layout-constrained wp-container-core-group-is-layout-b691706e wp-block-group-is-layout-constrained\" style=\"color:#03081e;margin-top:0px;padding-top:4.01rem;padding-right:1rem;padding-bottom:5.5rem;padding-left:1rem;font-size:clamp(0.875rem, 0.875rem + ((1vw - 0.2rem) * 0.425), 1.13rem);font-style:normal;font-weight:400;line-height:1.4\">\n<div class=\"wp-block-columns is-layout-flex wp-container-core-columns-is-layout-db2df21c wp-block-columns-is-layout-flex\" style=\"margin-bottom:0px\">\n<div class=\"wp-block-column is-layout-flow wp-block-column-is-layout-flow\">\n<div class=\"wp-block-group is-vertical is-content-justification-left is-layout-flex wp-container-core-group-is-layout-c5d44cae wp-block-group-is-layout-flex\" style=\"min-height:100%\">\n<div class=\"wp-block-group has-global-padding is-content-justification-center is-layout-constrained wp-container-core-group-is-layout-b15c80d6 wp-block-group-is-layout-constrained\">\n<h2 class=\"wp-block-heading has-text-align-left has-text-color\" style=\"color:#9c5aea;margin-top:0.5rem;margin-bottom:1.01rem;font-size:clamp(1.146rem, 1.146rem + ((1vw - 0.2rem) * 1.09), 1.8rem);font-style:normal;font-weight:600;letter-spacing:0px;line-height:1.3;text-transform:capitalize\">Chasse au tr\u00e9sor \ud83d\udc51\ud83c\udff4\u200d\u2620\ufe0f<\/h2>\n\n\n\n<p>Offrez \u00e0 votre enfant une exp\u00e9rience unique avec notre chasse au tr\u00e9sor \u00e0 domicile. C&rsquo;est lui qui choisit l&rsquo;univers de son aventure ! Voici des exemples :<\/p>\n\n\n\n<h4 class=\"wp-block-heading\">\ud83d\udc51 <strong>Monde Enchant\u00e9 des Princesses<\/strong><\/h4>\n\n\n\n<ul class=\"wp-block-list\">\n<li><strong>Intrigue<\/strong>&nbsp;: Une f\u00eate au ch\u00e2teau menac\u00e9e par la disparition du sucre pour les barbes \u00e0 papa<\/li>\n\n\n\n<li><strong>D\u00e9fi<\/strong>&nbsp;: Affronter un dragon gourmand pour sauver la c\u00e9l\u00e9bration royale<\/li>\n<\/ul>\n\n\n\n<h4 class=\"wp-block-heading\">\ud83c\udff4\u200d\u2620\ufe0f <strong>\u00c9pop\u00e9e Pirate<\/strong><\/h4>\n\n\n\n<ul class=\"wp-block-list\">\n<li><strong>Qu\u00eate<\/strong>&nbsp;: Rejoindre l&rsquo;\u00e9quipage du Capitaine Sinoze<\/li>\n\n\n\n<li><strong>Mission<\/strong>&nbsp;: Relever des d\u00e9fis de piraterie pour d\u00e9couvrir un tr\u00e9sor cach\u00e9<\/li>\n<\/ul>\n\n\n\n<h4 class=\"wp-block-heading\"><strong>Une Exp\u00e9rience Immersive<\/strong><\/h4>\n\n\n\n<p class=\"has-text-color\" style=\"color:#03081e;margin-top:0rem;font-size:clamp(0.875rem, 0.875rem + ((1vw - 0.2rem) * 0.225), 1.01rem);font-style:normal;font-weight:400;line-height:1.6\">D\u00e9cors th\u00e9matiques cr\u00e9ant une atmosph\u00e8re unique<br>\u00c9nigmes adapt\u00e9es \u00e0 l&rsquo;\u00e2ge des participants<br>Accesoires pr\u00eat\u00e9s pour les enfants<\/p>\n\n\n\n<h4 class=\"wp-block-heading\"><strong>Informations Pratiques<\/strong><\/h4>\n\n\n\n<p class=\"has-text-color\" style=\"color:#03081e;margin-top:0rem;font-size:clamp(0.875rem, 0.875rem + ((1vw - 0.2rem) * 0.225), 1.01rem);font-style:normal;font-weight:400;line-height:1.6\"><br><strong>\u00c2ge recommand\u00e9<\/strong>\u00a0: \u00c0 partir de 5 ans<br><strong>Nombre de participants<\/strong>\u00a0: 4 \u00e0 12 joueurs<br><strong>Dur\u00e9e<\/strong>\u00a0: 1 heure d&rsquo;aventure intense<br><strong>Prix<\/strong> : 115\u20ac<\/p>\n\n\n\n<p><\/p>\n<\/div>\n<\/div>\n<\/div>\n\n\n\n<div class=\"wp-block-column has-global-padding is-content-justification-left is-layout-constrained wp-container-core-column-is-layout-12dd3699 wp-block-column-is-layout-constrained\" style=\"flex-basis:50%\">\n<figure class=\"wp-block-image aligncenter size-full has-custom-border\"><img decoding=\"async\" src=\"https:\/\/venskigames.wordpress.com\/wp-content\/uploads\/2025\/01\/chasse-au-tresor-photo.jpg\" alt=\"\" class=\"wp-image-122\" style=\"border-radius:30px\"\/><\/figure>\n<\/div>\n<\/div>\n<\/section>\n","protected":false},"excerpt":{"rendered":"<p>Battle-Royal \u26cf\ufe0f\ud83e\ude82 Offrez \u00e0 votre enfant une exp\u00e9rience de jeu immersive et palpitante avec notre animation \u00ab\u00a0Battle Royale\u00a0\u00bb sp\u00e9cialement con\u00e7ue pour les jeunes aventuriers. Cette activit\u00e9 unique combine strat\u00e9gie, travail d&rsquo;\u00e9quipe et comp\u00e9tition !Caract\u00e9ristiques de l&rsquo;animation : D\u00e9tails pratiques : \u00c2ge recommand\u00e9 : 8 ans et plus Nombre de participants : 4 \u00e0 14 joueurs [&hellip;]<\/p>\n","protected":false},"author":1,"featured_media":0,"parent":0,"menu_order":1,"comment_status":"closed","ping_status":"closed","template":"","meta":{"footnotes":""},"class_list":["post-8","page","type-page","status-publish","hentry"],"yoast_head":"<!-- This site is optimized with the Yoast SEO plugin v27.3 - https:\/\/yoast.com\/product\/yoast-seo-wordpress\/ -->\n<title>Nos Animations \ud83c\udccf - Animations \u00e0 domicile<\/title>\n<meta name=\"description\" content=\"D\u00e9couvrez nos animations \u00e0 domicile pour enfants de 5 \u00e0 13 ans. Des activit\u00e9s ludiques et originales livr\u00e9es directement chez vous !\" \/>\n<meta name=\"robots\" content=\"index, follow, max-snippet:-1, max-image-preview:large, max-video-preview:-1\" \/>\n<link rel=\"canonical\" href=\"https:\/\/venskigames.fr\/index.php\/nos-animations-a-domicile\/\" \/>\n<meta property=\"og:locale\" content=\"fr_FR\" \/>\n<meta property=\"og:type\" content=\"article\" \/>\n<meta property=\"og:title\" content=\"Nos Animations \ud83c\udccf - Animations \u00e0 domicile\" \/>\n<meta property=\"og:description\" content=\"D\u00e9couvrez nos animations \u00e0 domicile pour enfants de 5 \u00e0 13 ans. Des activit\u00e9s ludiques et originales livr\u00e9es directement chez vous !\" \/>\n<meta property=\"og:url\" content=\"https:\/\/venskigames.fr\/index.php\/nos-animations-a-domicile\/\" \/>\n<meta property=\"og:site_name\" content=\"Venski Games \ud83c\udfb2\" \/>\n<meta property=\"article:publisher\" content=\"https:\/\/www.facebook.com\/profile.php?id=61554721726573\" \/>\n<meta property=\"article:modified_time\" content=\"2026-04-06T13:23:59+00:00\" \/>\n<meta property=\"og:image\" content=\"https:\/\/venskigames.fr\/wp-content\/uploads\/2025\/01\/Couverture-2.png\" \/>\n\t<meta property=\"og:image:width\" content=\"1640\" \/>\n\t<meta property=\"og:image:height\" content=\"924\" \/>\n\t<meta property=\"og:image:type\" content=\"image\/png\" \/>\n<meta name=\"twitter:card\" content=\"summary_large_image\" \/>\n<meta name=\"twitter:label1\" content=\"Dur\u00e9e de lecture estim\u00e9e\" \/>\n\t<meta name=\"twitter:data1\" content=\"4 minutes\" \/>\n<script type=\"application\/ld+json\" class=\"yoast-schema-graph\">{\"@context\":\"https:\\\/\\\/schema.org\",\"@graph\":[{\"@type\":\"WebPage\",\"@id\":\"https:\\\/\\\/venskigames.fr\\\/index.php\\\/nos-animations-a-domicile\\\/\",\"url\":\"https:\\\/\\\/venskigames.fr\\\/index.php\\\/nos-animations-a-domicile\\\/\",\"name\":\"Nos Animations \ud83c\udccf - Animations \u00e0 domicile\",\"isPartOf\":{\"@id\":\"https:\\\/\\\/venskigames.fr\\\/#website\"},\"primaryImageOfPage\":{\"@id\":\"https:\\\/\\\/venskigames.fr\\\/index.php\\\/nos-animations-a-domicile\\\/#primaryimage\"},\"image\":{\"@id\":\"https:\\\/\\\/venskigames.fr\\\/index.php\\\/nos-animations-a-domicile\\\/#primaryimage\"},\"thumbnailUrl\":\"https:\\\/\\\/venskigames.fr\\\/wp-content\\\/uploads\\\/2025\\\/01\\\/Couverture-2.png\",\"datePublished\":\"2025-01-14T09:24:52+00:00\",\"dateModified\":\"2026-04-06T13:23:59+00:00\",\"description\":\"D\u00e9couvrez nos animations \u00e0 domicile pour enfants de 5 \u00e0 13 ans. Des activit\u00e9s ludiques et originales livr\u00e9es directement chez vous !\",\"breadcrumb\":{\"@id\":\"https:\\\/\\\/venskigames.fr\\\/index.php\\\/nos-animations-a-domicile\\\/#breadcrumb\"},\"inLanguage\":\"fr-FR\",\"potentialAction\":[{\"@type\":\"ReadAction\",\"target\":[\"https:\\\/\\\/venskigames.fr\\\/index.php\\\/nos-animations-a-domicile\\\/\"]}]},{\"@type\":\"ImageObject\",\"inLanguage\":\"fr-FR\",\"@id\":\"https:\\\/\\\/venskigames.fr\\\/index.php\\\/nos-animations-a-domicile\\\/#primaryimage\",\"url\":\"https:\\\/\\\/venskigames.fr\\\/wp-content\\\/uploads\\\/2025\\\/01\\\/Couverture-2.png\",\"contentUrl\":\"https:\\\/\\\/venskigames.fr\\\/wp-content\\\/uploads\\\/2025\\\/01\\\/Couverture-2.png\",\"width\":1640,\"height\":924},{\"@type\":\"BreadcrumbList\",\"@id\":\"https:\\\/\\\/venskigames.fr\\\/index.php\\\/nos-animations-a-domicile\\\/#breadcrumb\",\"itemListElement\":[{\"@type\":\"ListItem\",\"position\":1,\"name\":\"Accueil\",\"item\":\"https:\\\/\\\/venskigames.fr\\\/\"},{\"@type\":\"ListItem\",\"position\":2,\"name\":\"Nos Animations \ud83c\udccf\"}]},{\"@type\":\"WebSite\",\"@id\":\"https:\\\/\\\/venskigames.fr\\\/#website\",\"url\":\"https:\\\/\\\/venskigames.fr\\\/\",\"name\":\"Venski Games\",\"description\":\"L&#039;animation \u00e0 domicile\",\"publisher\":{\"@id\":\"https:\\\/\\\/venskigames.fr\\\/#organization\"},\"potentialAction\":[{\"@type\":\"SearchAction\",\"target\":{\"@type\":\"EntryPoint\",\"urlTemplate\":\"https:\\\/\\\/venskigames.fr\\\/?s={search_term_string}\"},\"query-input\":{\"@type\":\"PropertyValueSpecification\",\"valueRequired\":true,\"valueName\":\"search_term_string\"}}],\"inLanguage\":\"fr-FR\"},{\"@type\":\"Organization\",\"@id\":\"https:\\\/\\\/venskigames.fr\\\/#organization\",\"name\":\"Venski Games\",\"url\":\"https:\\\/\\\/venskigames.fr\\\/\",\"logo\":{\"@type\":\"ImageObject\",\"inLanguage\":\"fr-FR\",\"@id\":\"https:\\\/\\\/venskigames.fr\\\/#\\\/schema\\\/logo\\\/image\\\/\",\"url\":\"https:\\\/\\\/venskigames.fr\\\/wp-content\\\/uploads\\\/2025\\\/01\\\/cropped-Nouveau_Logo-removebg-preview-1.png\",\"contentUrl\":\"https:\\\/\\\/venskigames.fr\\\/wp-content\\\/uploads\\\/2025\\\/01\\\/cropped-Nouveau_Logo-removebg-preview-1.png\",\"width\":512,\"height\":512,\"caption\":\"Venski Games\"},\"image\":{\"@id\":\"https:\\\/\\\/venskigames.fr\\\/#\\\/schema\\\/logo\\\/image\\\/\"},\"sameAs\":[\"https:\\\/\\\/www.facebook.com\\\/profile.php?id=61554721726573\"]}]}<\/script>\n<!-- \/ Yoast SEO plugin. -->","yoast_head_json":{"title":"Nos Animations \ud83c\udccf - Animations \u00e0 domicile","description":"D\u00e9couvrez nos animations \u00e0 domicile pour enfants de 5 \u00e0 13 ans. Des activit\u00e9s ludiques et originales livr\u00e9es directement chez vous !","robots":{"index":"index","follow":"follow","max-snippet":"max-snippet:-1","max-image-preview":"max-image-preview:large","max-video-preview":"max-video-preview:-1"},"canonical":"https:\/\/venskigames.fr\/index.php\/nos-animations-a-domicile\/","og_locale":"fr_FR","og_type":"article","og_title":"Nos Animations \ud83c\udccf - Animations \u00e0 domicile","og_description":"D\u00e9couvrez nos animations \u00e0 domicile pour enfants de 5 \u00e0 13 ans. Des activit\u00e9s ludiques et originales livr\u00e9es directement chez vous !","og_url":"https:\/\/venskigames.fr\/index.php\/nos-animations-a-domicile\/","og_site_name":"Venski Games \ud83c\udfb2","article_publisher":"https:\/\/www.facebook.com\/profile.php?id=61554721726573","article_modified_time":"2026-04-06T13:23:59+00:00","og_image":[{"width":1640,"height":924,"url":"https:\/\/venskigames.fr\/wp-content\/uploads\/2025\/01\/Couverture-2.png","type":"image\/png"}],"twitter_card":"summary_large_image","twitter_misc":{"Dur\u00e9e de lecture estim\u00e9e":"4 minutes"},"schema":{"@context":"https:\/\/schema.org","@graph":[{"@type":"WebPage","@id":"https:\/\/venskigames.fr\/index.php\/nos-animations-a-domicile\/","url":"https:\/\/venskigames.fr\/index.php\/nos-animations-a-domicile\/","name":"Nos Animations \ud83c\udccf - Animations \u00e0 domicile","isPartOf":{"@id":"https:\/\/venskigames.fr\/#website"},"primaryImageOfPage":{"@id":"https:\/\/venskigames.fr\/index.php\/nos-animations-a-domicile\/#primaryimage"},"image":{"@id":"https:\/\/venskigames.fr\/index.php\/nos-animations-a-domicile\/#primaryimage"},"thumbnailUrl":"https:\/\/venskigames.fr\/wp-content\/uploads\/2025\/01\/Couverture-2.png","datePublished":"2025-01-14T09:24:52+00:00","dateModified":"2026-04-06T13:23:59+00:00","description":"D\u00e9couvrez nos animations \u00e0 domicile pour enfants de 5 \u00e0 13 ans. Des activit\u00e9s ludiques et originales livr\u00e9es directement chez vous !","breadcrumb":{"@id":"https:\/\/venskigames.fr\/index.php\/nos-animations-a-domicile\/#breadcrumb"},"inLanguage":"fr-FR","potentialAction":[{"@type":"ReadAction","target":["https:\/\/venskigames.fr\/index.php\/nos-animations-a-domicile\/"]}]},{"@type":"ImageObject","inLanguage":"fr-FR","@id":"https:\/\/venskigames.fr\/index.php\/nos-animations-a-domicile\/#primaryimage","url":"https:\/\/venskigames.fr\/wp-content\/uploads\/2025\/01\/Couverture-2.png","contentUrl":"https:\/\/venskigames.fr\/wp-content\/uploads\/2025\/01\/Couverture-2.png","width":1640,"height":924},{"@type":"BreadcrumbList","@id":"https:\/\/venskigames.fr\/index.php\/nos-animations-a-domicile\/#breadcrumb","itemListElement":[{"@type":"ListItem","position":1,"name":"Accueil","item":"https:\/\/venskigames.fr\/"},{"@type":"ListItem","position":2,"name":"Nos Animations \ud83c\udccf"}]},{"@type":"WebSite","@id":"https:\/\/venskigames.fr\/#website","url":"https:\/\/venskigames.fr\/","name":"Venski Games","description":"L&#039;animation \u00e0 domicile","publisher":{"@id":"https:\/\/venskigames.fr\/#organization"},"potentialAction":[{"@type":"SearchAction","target":{"@type":"EntryPoint","urlTemplate":"https:\/\/venskigames.fr\/?s={search_term_string}"},"query-input":{"@type":"PropertyValueSpecification","valueRequired":true,"valueName":"search_term_string"}}],"inLanguage":"fr-FR"},{"@type":"Organization","@id":"https:\/\/venskigames.fr\/#organization","name":"Venski Games","url":"https:\/\/venskigames.fr\/","logo":{"@type":"ImageObject","inLanguage":"fr-FR","@id":"https:\/\/venskigames.fr\/#\/schema\/logo\/image\/","url":"https:\/\/venskigames.fr\/wp-content\/uploads\/2025\/01\/cropped-Nouveau_Logo-removebg-preview-1.png","contentUrl":"https:\/\/venskigames.fr\/wp-content\/uploads\/2025\/01\/cropped-Nouveau_Logo-removebg-preview-1.png","width":512,"height":512,"caption":"Venski Games"},"image":{"@id":"https:\/\/venskigames.fr\/#\/schema\/logo\/image\/"},"sameAs":["https:\/\/www.facebook.com\/profile.php?id=61554721726573"]}]}},"_links":{"self":[{"href":"https:\/\/venskigames.fr\/index.php\/wp-json\/wp\/v2\/pages\/8","targetHints":{"allow":["GET"]}}],"collection":[{"href":"https:\/\/venskigames.fr\/index.php\/wp-json\/wp\/v2\/pages"}],"about":[{"href":"https:\/\/venskigames.fr\/index.php\/wp-json\/wp\/v2\/types\/page"}],"author":[{"embeddable":true,"href":"https:\/\/venskigames.fr\/index.php\/wp-json\/wp\/v2\/users\/1"}],"replies":[{"embeddable":true,"href":"https:\/\/venskigames.fr\/index.php\/wp-json\/wp\/v2\/comments?post=8"}],"version-history":[{"count":32,"href":"https:\/\/venskigames.fr\/index.php\/wp-json\/wp\/v2\/pages\/8\/revisions"}],"predecessor-version":[{"id":277,"href":"https:\/\/venskigames.fr\/index.php\/wp-json\/wp\/v2\/pages\/8\/revisions\/277"}],"wp:attachment":[{"href":"https:\/\/venskigames.fr\/index.php\/wp-json\/wp\/v2\/media?parent=8"}],"curies":[{"name":"wp","href":"https:\/\/api.w.org\/{rel}","templated":true}]}}