{"id":223,"date":"2025-02-04T12:59:38","date_gmt":"2025-02-04T11:59:38","guid":{"rendered":"https:\/\/venskigames.fr\/?page_id=223"},"modified":"2026-04-07T11:35:32","modified_gmt":"2026-04-07T09:35:32","slug":"animation-enfants-collectivites-lille-2","status":"publish","type":"page","link":"https:\/\/venskigames.fr\/index.php\/animation-enfants-collectivites-lille-2\/","title":{"rendered":"Collectivit\u00e9s \ud83c\udfeb"},"content":{"rendered":"\n<section class=\"wp-block-group alignfull has-text-color has-global-padding is-layout-constrained wp-container-core-group-is-layout-38ad39fd wp-block-group-is-layout-constrained\" style=\"color:#03081e;margin-top:0px;padding-top:5.01rem;padding-right:1rem;padding-bottom:5.5rem;padding-left:1rem;font-size:clamp(0.875rem, 0.875rem + ((1vw - 0.2rem) * 0.425), 1.13rem);font-style:normal;font-weight:400;line-height:1.4\">\n<div class=\"wp-block-columns is-layout-flex wp-container-core-columns-is-layout-db2df21c wp-block-columns-is-layout-flex\" style=\"margin-bottom:0px\">\n<div class=\"wp-block-column has-global-padding is-content-justification-left is-layout-constrained wp-container-core-column-is-layout-12dd3699 wp-block-column-is-layout-constrained\" style=\"flex-basis:45%\">\n<div class=\"wp-block-group has-global-padding is-content-justification-center is-layout-constrained wp-container-core-group-is-layout-b15c80d6 wp-block-group-is-layout-constrained\">\n<h2 class=\"wp-block-heading has-text-align-left has-text-color has-link-color wp-elements-2bcc3c6a568f8c13716f21c04194dfcd\" style=\"color:#9c5aea;margin-top:0.5rem;margin-bottom:1.01rem;font-size:clamp(1.556rem, 1.556rem + ((1vw - 0.2rem) * 1.757), 2.61rem);font-style:normal;font-weight:500;letter-spacing:0px;line-height:1.3;text-transform:capitalize\">Devis sur mesure<\/h2>\n\n\n\n<p class=\"has-text-align-left has-text-color\" style=\"color:#03081e;margin-top:0rem;font-size:clamp(0.875rem, 0.875rem + ((1vw - 0.2rem) * 0.558), 1.21rem);font-style:normal;font-weight:400;line-height:1.6\">Animation pour collectivit\u00e9s : Des prestations sur mesure pour vos \u00e9v\u00e9nements<\/p>\n\n\n\n<p>Chez Venski Games, nous comprenons les besoins sp\u00e9cifiques des collectivit\u00e9s en mati\u00e8re d&rsquo;animation pour enfants. Notre approche personnalis\u00e9e garantit une exp\u00e9rience inoubliable et s\u00e9curis\u00e9e pour tous les participants.<\/p>\n\n\n\n<h3 class=\"wp-block-heading\">Un devis gratuit et adapt\u00e9 \u00e0 vos besoins<\/h3>\n\n\n\n<p>Nous vous proposons un devis gratuit et sur mesure, prenant en compte :<\/p>\n\n\n\n<ul class=\"wp-block-list\">\n<li>Le nombre d&rsquo;enfants participants<\/li>\n\n\n\n<li>La dur\u00e9e de l&rsquo;animation souhait\u00e9e<\/li>\n\n\n\n<li>L&rsquo;espace disponible dans vos locaux<\/li>\n<\/ul>\n\n\n\n<h3 class=\"wp-block-heading\">Notre priorit\u00e9 : le plaisir et la s\u00e9curit\u00e9 des enfants<\/h3>\n\n\n\n<p>Nos animations sont con\u00e7ues pour :<\/p>\n\n\n\n<ul class=\"wp-block-list\">\n<li>Maximiser l&rsquo;amusement et l&rsquo;\u00e9panouissement des enfants<\/li>\n\n\n\n<li>Assurer une s\u00e9curit\u00e9 optimale tout au long de l&rsquo;\u00e9v\u00e9nement<\/li>\n\n\n\n<li>S&rsquo;adapter \u00e0 l&rsquo;\u00e2ge et aux int\u00e9r\u00eats des participants<\/li>\n<\/ul>\n\n\n\n<h3 class=\"wp-block-heading\">R\u00e9servez d\u00e8s maintenant votre animation personnalis\u00e9e<\/h3>\n\n\n\n<p>N&rsquo;attendez plus pour offrir une exp\u00e9rience unique aux enfants de votre collectivit\u00e9. Contactez-nous d\u00e8s aujourd&rsquo;hui pour discuter de votre projet d&rsquo;animation et recevoir votre devis personnalis\u00e9.<\/p>\n\n\n\n<div class=\"wp-block-buttons is-layout-flex wp-block-buttons-is-layout-flex\">\n<div class=\"wp-block-button is-style-fill\"><a class=\"wp-block-button__link has-text-color has-background has-link-color has-large-font-size has-custom-font-size wp-element-button\" href=\"https:\/\/venskigames.wordpress.com\/contact\/\" style=\"border-width:1px;border-radius:25px;color:#9c5aea;background-color:#e9e9e9\">Contact<\/a><\/div>\n<\/div>\n<\/div>\n<\/div>\n\n\n\n<div class=\"wp-block-column is-layout-flow wp-block-column-is-layout-flow\">\n<figure class=\"wp-block-image aligncenter size-full\"><img decoding=\"async\" src=\"https:\/\/venskigames.wordpress.com\/wp-content\/uploads\/2025\/01\/template-vierge.png\" alt=\"\" class=\"wp-image-292\"\/><\/figure>\n<\/div>\n<\/div>\n<\/section>\n","protected":false},"excerpt":{"rendered":"<p>Devis sur mesure Animation pour collectivit\u00e9s : Des prestations sur mesure pour vos \u00e9v\u00e9nements Chez Venski Games, nous comprenons les besoins sp\u00e9cifiques des collectivit\u00e9s en mati\u00e8re d&rsquo;animation pour enfants. Notre approche personnalis\u00e9e garantit une exp\u00e9rience inoubliable et s\u00e9curis\u00e9e pour tous les participants. Un devis gratuit et adapt\u00e9 \u00e0 vos besoins Nous vous proposons un devis [&hellip;]<\/p>\n","protected":false},"author":1,"featured_media":0,"parent":0,"menu_order":0,"comment_status":"closed","ping_status":"closed","template":"","meta":{"footnotes":""},"class_list":["post-223","page","type-page","status-publish","hentry"],"yoast_head":"<!-- This site is optimized with the Yoast SEO plugin v27.3 - https:\/\/yoast.com\/product\/yoast-seo-wordpress\/ -->\n<title>Collectivit\u00e9s \ud83c\udfeb - Animations personnalis\u00e9es autour de Lille<\/title>\n<meta name=\"description\" content=\"D\u00e9couvrez nos animations personnalis\u00e9es pour collectivit\u00e9s autour de Lille. Devis gratuit et plaisir garanti. Contactez nous !\" \/>\n<meta name=\"robots\" content=\"index, follow, max-snippet:-1, max-image-preview:large, max-video-preview:-1\" \/>\n<link rel=\"canonical\" href=\"https:\/\/venskigames.fr\/index.php\/animation-enfants-collectivites-lille-2\/\" \/>\n<meta property=\"og:locale\" content=\"fr_FR\" \/>\n<meta property=\"og:type\" content=\"article\" \/>\n<meta property=\"og:title\" content=\"Collectivit\u00e9s \ud83c\udfeb - Animations personnalis\u00e9es autour de Lille\" \/>\n<meta property=\"og:description\" content=\"D\u00e9couvrez nos animations personnalis\u00e9es pour collectivit\u00e9s autour de Lille. Devis gratuit et plaisir garanti. Contactez nous !\" \/>\n<meta property=\"og:url\" content=\"https:\/\/venskigames.fr\/index.php\/animation-enfants-collectivites-lille-2\/\" \/>\n<meta property=\"og:site_name\" content=\"Venski Games \ud83c\udfb2\" \/>\n<meta property=\"article:publisher\" content=\"https:\/\/www.facebook.com\/profile.php?id=61554721726573\" \/>\n<meta property=\"article:modified_time\" content=\"2026-04-07T09:35:32+00:00\" \/>\n<meta name=\"twitter:card\" content=\"summary_large_image\" \/>\n<meta name=\"twitter:label1\" content=\"Dur\u00e9e de lecture estim\u00e9e\" \/>\n\t<meta name=\"twitter:data1\" content=\"1 minute\" \/>\n<script type=\"application\/ld+json\" class=\"yoast-schema-graph\">{\"@context\":\"https:\\\/\\\/schema.org\",\"@graph\":[{\"@type\":\"WebPage\",\"@id\":\"https:\\\/\\\/venskigames.fr\\\/index.php\\\/animation-enfants-collectivites-lille-2\\\/\",\"url\":\"https:\\\/\\\/venskigames.fr\\\/index.php\\\/animation-enfants-collectivites-lille-2\\\/\",\"name\":\"Collectivit\u00e9s \ud83c\udfeb - Animations personnalis\u00e9es autour de Lille\",\"isPartOf\":{\"@id\":\"https:\\\/\\\/venskigames.fr\\\/#website\"},\"primaryImageOfPage\":{\"@id\":\"https:\\\/\\\/venskigames.fr\\\/index.php\\\/animation-enfants-collectivites-lille-2\\\/#primaryimage\"},\"image\":{\"@id\":\"https:\\\/\\\/venskigames.fr\\\/index.php\\\/animation-enfants-collectivites-lille-2\\\/#primaryimage\"},\"thumbnailUrl\":\"https:\\\/\\\/venskigames.wordpress.com\\\/wp-content\\\/uploads\\\/2025\\\/01\\\/template-vierge.png\",\"datePublished\":\"2025-02-04T11:59:38+00:00\",\"dateModified\":\"2026-04-07T09:35:32+00:00\",\"description\":\"D\u00e9couvrez nos animations personnalis\u00e9es pour collectivit\u00e9s autour de Lille. Devis gratuit et plaisir garanti. Contactez nous !\",\"breadcrumb\":{\"@id\":\"https:\\\/\\\/venskigames.fr\\\/index.php\\\/animation-enfants-collectivites-lille-2\\\/#breadcrumb\"},\"inLanguage\":\"fr-FR\",\"potentialAction\":[{\"@type\":\"ReadAction\",\"target\":[\"https:\\\/\\\/venskigames.fr\\\/index.php\\\/animation-enfants-collectivites-lille-2\\\/\"]}]},{\"@type\":\"ImageObject\",\"inLanguage\":\"fr-FR\",\"@id\":\"https:\\\/\\\/venskigames.fr\\\/index.php\\\/animation-enfants-collectivites-lille-2\\\/#primaryimage\",\"url\":\"https:\\\/\\\/venskigames.wordpress.com\\\/wp-content\\\/uploads\\\/2025\\\/01\\\/template-vierge.png\",\"contentUrl\":\"https:\\\/\\\/venskigames.wordpress.com\\\/wp-content\\\/uploads\\\/2025\\\/01\\\/template-vierge.png\"},{\"@type\":\"BreadcrumbList\",\"@id\":\"https:\\\/\\\/venskigames.fr\\\/index.php\\\/animation-enfants-collectivites-lille-2\\\/#breadcrumb\",\"itemListElement\":[{\"@type\":\"ListItem\",\"position\":1,\"name\":\"Accueil\",\"item\":\"https:\\\/\\\/venskigames.fr\\\/\"},{\"@type\":\"ListItem\",\"position\":2,\"name\":\"Collectivit\u00e9s \ud83c\udfeb\"}]},{\"@type\":\"WebSite\",\"@id\":\"https:\\\/\\\/venskigames.fr\\\/#website\",\"url\":\"https:\\\/\\\/venskigames.fr\\\/\",\"name\":\"Venski Games\",\"description\":\"L&#039;animation \u00e0 domicile\",\"publisher\":{\"@id\":\"https:\\\/\\\/venskigames.fr\\\/#organization\"},\"potentialAction\":[{\"@type\":\"SearchAction\",\"target\":{\"@type\":\"EntryPoint\",\"urlTemplate\":\"https:\\\/\\\/venskigames.fr\\\/?s={search_term_string}\"},\"query-input\":{\"@type\":\"PropertyValueSpecification\",\"valueRequired\":true,\"valueName\":\"search_term_string\"}}],\"inLanguage\":\"fr-FR\"},{\"@type\":\"Organization\",\"@id\":\"https:\\\/\\\/venskigames.fr\\\/#organization\",\"name\":\"Venski Games\",\"url\":\"https:\\\/\\\/venskigames.fr\\\/\",\"logo\":{\"@type\":\"ImageObject\",\"inLanguage\":\"fr-FR\",\"@id\":\"https:\\\/\\\/venskigames.fr\\\/#\\\/schema\\\/logo\\\/image\\\/\",\"url\":\"https:\\\/\\\/venskigames.fr\\\/wp-content\\\/uploads\\\/2025\\\/01\\\/cropped-Nouveau_Logo-removebg-preview-1.png\",\"contentUrl\":\"https:\\\/\\\/venskigames.fr\\\/wp-content\\\/uploads\\\/2025\\\/01\\\/cropped-Nouveau_Logo-removebg-preview-1.png\",\"width\":512,\"height\":512,\"caption\":\"Venski Games\"},\"image\":{\"@id\":\"https:\\\/\\\/venskigames.fr\\\/#\\\/schema\\\/logo\\\/image\\\/\"},\"sameAs\":[\"https:\\\/\\\/www.facebook.com\\\/profile.php?id=61554721726573\"]}]}<\/script>\n<!-- \/ Yoast SEO plugin. -->","yoast_head_json":{"title":"Collectivit\u00e9s \ud83c\udfeb - Animations personnalis\u00e9es autour de Lille","description":"D\u00e9couvrez nos animations personnalis\u00e9es pour collectivit\u00e9s autour de Lille. Devis gratuit et plaisir garanti. Contactez nous !","robots":{"index":"index","follow":"follow","max-snippet":"max-snippet:-1","max-image-preview":"max-image-preview:large","max-video-preview":"max-video-preview:-1"},"canonical":"https:\/\/venskigames.fr\/index.php\/animation-enfants-collectivites-lille-2\/","og_locale":"fr_FR","og_type":"article","og_title":"Collectivit\u00e9s \ud83c\udfeb - Animations personnalis\u00e9es autour de Lille","og_description":"D\u00e9couvrez nos animations personnalis\u00e9es pour collectivit\u00e9s autour de Lille. Devis gratuit et plaisir garanti. Contactez nous !","og_url":"https:\/\/venskigames.fr\/index.php\/animation-enfants-collectivites-lille-2\/","og_site_name":"Venski Games \ud83c\udfb2","article_publisher":"https:\/\/www.facebook.com\/profile.php?id=61554721726573","article_modified_time":"2026-04-07T09:35:32+00:00","twitter_card":"summary_large_image","twitter_misc":{"Dur\u00e9e de lecture estim\u00e9e":"1 minute"},"schema":{"@context":"https:\/\/schema.org","@graph":[{"@type":"WebPage","@id":"https:\/\/venskigames.fr\/index.php\/animation-enfants-collectivites-lille-2\/","url":"https:\/\/venskigames.fr\/index.php\/animation-enfants-collectivites-lille-2\/","name":"Collectivit\u00e9s \ud83c\udfeb - Animations personnalis\u00e9es autour de Lille","isPartOf":{"@id":"https:\/\/venskigames.fr\/#website"},"primaryImageOfPage":{"@id":"https:\/\/venskigames.fr\/index.php\/animation-enfants-collectivites-lille-2\/#primaryimage"},"image":{"@id":"https:\/\/venskigames.fr\/index.php\/animation-enfants-collectivites-lille-2\/#primaryimage"},"thumbnailUrl":"https:\/\/venskigames.wordpress.com\/wp-content\/uploads\/2025\/01\/template-vierge.png","datePublished":"2025-02-04T11:59:38+00:00","dateModified":"2026-04-07T09:35:32+00:00","description":"D\u00e9couvrez nos animations personnalis\u00e9es pour collectivit\u00e9s autour de Lille. Devis gratuit et plaisir garanti. Contactez nous !","breadcrumb":{"@id":"https:\/\/venskigames.fr\/index.php\/animation-enfants-collectivites-lille-2\/#breadcrumb"},"inLanguage":"fr-FR","potentialAction":[{"@type":"ReadAction","target":["https:\/\/venskigames.fr\/index.php\/animation-enfants-collectivites-lille-2\/"]}]},{"@type":"ImageObject","inLanguage":"fr-FR","@id":"https:\/\/venskigames.fr\/index.php\/animation-enfants-collectivites-lille-2\/#primaryimage","url":"https:\/\/venskigames.wordpress.com\/wp-content\/uploads\/2025\/01\/template-vierge.png","contentUrl":"https:\/\/venskigames.wordpress.com\/wp-content\/uploads\/2025\/01\/template-vierge.png"},{"@type":"BreadcrumbList","@id":"https:\/\/venskigames.fr\/index.php\/animation-enfants-collectivites-lille-2\/#breadcrumb","itemListElement":[{"@type":"ListItem","position":1,"name":"Accueil","item":"https:\/\/venskigames.fr\/"},{"@type":"ListItem","position":2,"name":"Collectivit\u00e9s \ud83c\udfeb"}]},{"@type":"WebSite","@id":"https:\/\/venskigames.fr\/#website","url":"https:\/\/venskigames.fr\/","name":"Venski Games","description":"L&#039;animation \u00e0 domicile","publisher":{"@id":"https:\/\/venskigames.fr\/#organization"},"potentialAction":[{"@type":"SearchAction","target":{"@type":"EntryPoint","urlTemplate":"https:\/\/venskigames.fr\/?s={search_term_string}"},"query-input":{"@type":"PropertyValueSpecification","valueRequired":true,"valueName":"search_term_string"}}],"inLanguage":"fr-FR"},{"@type":"Organization","@id":"https:\/\/venskigames.fr\/#organization","name":"Venski Games","url":"https:\/\/venskigames.fr\/","logo":{"@type":"ImageObject","inLanguage":"fr-FR","@id":"https:\/\/venskigames.fr\/#\/schema\/logo\/image\/","url":"https:\/\/venskigames.fr\/wp-content\/uploads\/2025\/01\/cropped-Nouveau_Logo-removebg-preview-1.png","contentUrl":"https:\/\/venskigames.fr\/wp-content\/uploads\/2025\/01\/cropped-Nouveau_Logo-removebg-preview-1.png","width":512,"height":512,"caption":"Venski Games"},"image":{"@id":"https:\/\/venskigames.fr\/#\/schema\/logo\/image\/"},"sameAs":["https:\/\/www.facebook.com\/profile.php?id=61554721726573"]}]}},"_links":{"self":[{"href":"https:\/\/venskigames.fr\/index.php\/wp-json\/wp\/v2\/pages\/223","targetHints":{"allow":["GET"]}}],"collection":[{"href":"https:\/\/venskigames.fr\/index.php\/wp-json\/wp\/v2\/pages"}],"about":[{"href":"https:\/\/venskigames.fr\/index.php\/wp-json\/wp\/v2\/types\/page"}],"author":[{"embeddable":true,"href":"https:\/\/venskigames.fr\/index.php\/wp-json\/wp\/v2\/users\/1"}],"replies":[{"embeddable":true,"href":"https:\/\/venskigames.fr\/index.php\/wp-json\/wp\/v2\/comments?post=223"}],"version-history":[{"count":4,"href":"https:\/\/venskigames.fr\/index.php\/wp-json\/wp\/v2\/pages\/223\/revisions"}],"predecessor-version":[{"id":284,"href":"https:\/\/venskigames.fr\/index.php\/wp-json\/wp\/v2\/pages\/223\/revisions\/284"}],"wp:attachment":[{"href":"https:\/\/venskigames.fr\/index.php\/wp-json\/wp\/v2\/media?parent=223"}],"curies":[{"name":"wp","href":"https:\/\/api.w.org\/{rel}","templated":true}]}}