{"id":212,"date":"2025-02-04T12:38:12","date_gmt":"2025-02-04T11:38:12","guid":{"rendered":"https:\/\/venskigames.fr\/?page_id=212"},"modified":"2026-04-07T11:35:10","modified_gmt":"2026-04-07T09:35:10","slug":"les-plus-2","status":"publish","type":"page","link":"https:\/\/venskigames.fr\/index.php\/les-plus-2\/","title":{"rendered":"Les \u00ab\u00a0plus\u00a0\u00bb \ud83d\udcec\ud83c\udf7f\ud83c\udfa5"},"content":{"rendered":"\n<section class=\"wp-block-group alignfull has-text-color has-background has-global-padding is-layout-constrained wp-container-core-group-is-layout-4252d6ba wp-block-group-is-layout-constrained\" style=\"color:#03081e;background-color:#e9e9e9;margin-top:0px;padding-top:6.51rem;padding-right:1rem;padding-bottom:5.5rem;padding-left:1rem;font-size:clamp(0.875rem, 0.875rem + ((1vw - 0.2rem) * 0.425), 1.13rem);font-style:normal;font-weight:400;line-height:1.4\">\n<div class=\"wp-block-columns is-layout-flex wp-container-core-columns-is-layout-db2df21c wp-block-columns-is-layout-flex\" style=\"margin-bottom:0px\">\n<div class=\"wp-block-column has-global-padding is-content-justification-left is-layout-constrained wp-container-core-column-is-layout-12dd3699 wp-block-column-is-layout-constrained\" style=\"flex-basis:50%\">\n<div class=\"wp-block-group has-global-padding is-content-justification-center is-layout-constrained wp-container-core-group-is-layout-b15c80d6 wp-block-group-is-layout-constrained\">\n<h3 class=\"wp-block-heading has-text-align-left has-text-color\" style=\"color:#9c5aea;margin-top:0.5rem;margin-bottom:1.01rem;font-size:clamp(1.044rem, 1.044rem + ((1vw - 0.2rem) * 0.943), 1.61rem);font-style:normal;font-weight:600;letter-spacing:0px;line-height:1.3;text-transform:capitalize\">Formule Cartons d&rsquo;invitations \ud83d\udce8<\/h3>\n\n\n\n<p class=\"has-text-align-left has-text-color\" style=\"color:#03081e;margin-top:0rem;font-size:clamp(0.875rem, 0.875rem + ((1vw - 0.2rem) * 0.225), 1.01rem);font-style:normal;font-weight:400;line-height:1.6\"><strong>Simplifiez l&rsquo;organisation de l&rsquo;anniversaire de votre enfant avec notre service de cartons d&rsquo;invitation.&nbsp;Voici comment nous facilitons votre pr\u00e9paration :<\/strong><\/p>\n\n\n\n<ol class=\"wp-block-list\">\n<li>Votre enfant choisit son th\u00e8me pr\u00e9f\u00e9r\u00e9 parmi notre large s\u00e9lection (pirates, princesses, super-h\u00e9ros, animaux, etc.),<\/li>\n\n\n\n<li>Vous nous communiquez les d\u00e9tails essentiels (date, heure, adresse),<\/li>\n\n\n\n<li>Nous cr\u00e9ons des invitations personnalis\u00e9es sur papier cartonn\u00e9 de qualit\u00e9,<\/li>\n\n\n\n<li>Nous livrons les cartons directement dans votre bo\u00eete aux lettres<\/li>\n<\/ol>\n\n\n\n<h4 class=\"wp-block-heading\">Tarif abordable<\/h4>\n\n\n\n<p class=\"has-text-align-left has-text-color\" style=\"color:#03081e;margin-top:0rem;font-size:clamp(0.875rem, 0.875rem + ((1vw - 0.2rem) * 0.225), 1.01rem);font-style:normal;font-weight:400;line-height:1.6\">Prix : 1.5\u20ac par invitation personnalis\u00e9e et livr\u00e9e<\/p>\n<\/div>\n<\/div>\n\n\n\n<div class=\"wp-block-column is-layout-flow wp-block-column-is-layout-flow\">\n<div class=\"wp-block-group is-vertical is-content-justification-left is-layout-flex wp-container-core-group-is-layout-c5d44cae wp-block-group-is-layout-flex\" style=\"min-height:100%\">\n<figure class=\"wp-block-image aligncenter size-full has-custom-border is-style-rounded is-style-rounded--1\"><img decoding=\"async\" src=\"https:\/\/venskigames.wordpress.com\/wp-content\/uploads\/2025\/01\/cartons-dinvitations-1.png\" alt=\"\" class=\"wp-image-340\" style=\"border-radius:30px\"\/><\/figure>\n<\/div>\n<\/div>\n<\/div>\n<\/section>\n\n\n\n<section class=\"wp-block-group alignfull has-text-color has-global-padding is-layout-constrained wp-container-core-group-is-layout-b691706e wp-block-group-is-layout-constrained\" style=\"color:#03081e;margin-top:0px;padding-top:4.01rem;padding-right:1rem;padding-bottom:5.5rem;padding-left:1rem;font-size:clamp(0.875rem, 0.875rem + ((1vw - 0.2rem) * 0.425), 1.13rem);font-style:normal;font-weight:400;line-height:1.4\">\n<div class=\"wp-block-columns is-layout-flex wp-container-core-columns-is-layout-db2df21c wp-block-columns-is-layout-flex\" style=\"margin-bottom:0px\">\n<div class=\"wp-block-column is-layout-flow wp-block-column-is-layout-flow\">\n<div class=\"wp-block-group is-vertical is-content-justification-left is-layout-flex wp-container-core-group-is-layout-c5d44cae wp-block-group-is-layout-flex\" style=\"min-height:100%\">\n<div class=\"wp-block-group has-global-padding is-content-justification-center is-layout-constrained wp-container-core-group-is-layout-b15c80d6 wp-block-group-is-layout-constrained\">\n<h3 class=\"wp-block-heading has-text-align-left has-text-color\" style=\"color:#9c5aea;margin-top:0.5rem;margin-bottom:1.01rem;font-size:clamp(1.044rem, 1.044rem + ((1vw - 0.2rem) * 0.943), 1.61rem);font-style:normal;font-weight:600;letter-spacing:0px;line-height:1.3;text-transform:capitalize\">Formule pop-corn \ud83c\udf7f<\/h3>\n\n\n\n<p>Oh \u00e7a cr\u00e9pite !!!<br><br>Offrez aux enfants un moment de d\u00e9lice et de convivialit\u00e9 avec notre service de pop-corn artisanaux. Une pause croustillante et savoureuse pour reprendre des forces au c\u0153ur de l&rsquo;\u00e9v\u00e9nement.<br><br><strong>Notre offre pop-corn :<\/strong><\/p>\n\n\n\n<ul class=\"wp-block-list\">\n<li>Pop-corn frais et croustillants<\/li>\n\n\n\n<li>Pr\u00e9paration artisanale sur place<\/li>\n\n\n\n<li>Sal\u00e9 ou sucr\u00e9e<\/li>\n\n\n\n<li>Tarif : 10\u20ac<\/li>\n<\/ul>\n\n\n\n<p class=\"has-text-color\" style=\"color:#03081e;margin-top:0rem;font-size:0.8rem;font-style:normal;font-weight:300;line-height:1.2\"><\/p>\n<\/div>\n<\/div>\n<\/div>\n\n\n\n<div class=\"wp-block-column has-global-padding is-content-justification-left is-layout-constrained wp-container-core-column-is-layout-12dd3699 wp-block-column-is-layout-constrained\" style=\"flex-basis:50%\">\n<figure class=\"wp-block-image aligncenter size-full has-custom-border\"><img decoding=\"async\" src=\"https:\/\/venskigames.wordpress.com\/wp-content\/uploads\/2025\/01\/pop-corn.jpg\" alt=\"\" class=\"wp-image-330\" style=\"border-radius:30px;object-fit:cover\"\/><\/figure>\n<\/div>\n<\/div>\n<\/section>\n\n\n\n<section class=\"wp-block-group alignfull has-text-color has-background has-global-padding is-layout-constrained wp-container-core-group-is-layout-4252d6ba wp-block-group-is-layout-constrained\" style=\"color:#03081e;background-color:#e9e9e9;margin-top:0px;padding-top:6.51rem;padding-right:1rem;padding-bottom:5.5rem;padding-left:1rem;font-size:clamp(0.875rem, 0.875rem + ((1vw - 0.2rem) * 0.425), 1.13rem);font-style:normal;font-weight:400;line-height:1.4\">\n<div class=\"wp-block-columns is-layout-flex wp-container-core-columns-is-layout-db2df21c wp-block-columns-is-layout-flex\" style=\"margin-bottom:0px\">\n<div class=\"wp-block-column has-global-padding is-content-justification-left is-layout-constrained wp-container-core-column-is-layout-12dd3699 wp-block-column-is-layout-constrained\" style=\"flex-basis:50%\">\n<div class=\"wp-block-group has-global-padding is-content-justification-center is-layout-constrained wp-container-core-group-is-layout-b15c80d6 wp-block-group-is-layout-constrained\">\n<h3 class=\"wp-block-heading has-text-align-left has-text-color\" style=\"color:#9c5aea;margin-top:0.5rem;margin-bottom:1.01rem;font-size:clamp(1.044rem, 1.044rem + ((1vw - 0.2rem) * 0.943), 1.61rem);font-style:normal;font-weight:600;letter-spacing:0px;line-height:1.3;text-transform:capitalize\">Formule Vid\u00e9o \ud83d\udcfd\ufe0f<\/h3>\n\n\n\n<p>Offrez \u00e0 votre enfant une exp\u00e9rience unique avec notre service de cam\u00e9ra embarqu\u00e9e. Nous \u00e9quipons votre petit aventurier d&rsquo;une cam\u00e9ra l\u00e9g\u00e8re et discr\u00e8te pour immortaliser chaque moment de son anniversaire.<br><br><strong>Caract\u00e9ristiques du service :<\/strong><\/p>\n\n\n\n<ul class=\"wp-block-list\">\n<li>Cam\u00e9ra embarqu\u00e9e haute d\u00e9finition \ud83d\udcf9<\/li>\n\n\n\n<li>Montage vid\u00e9o inclus<\/li>\n\n\n\n<li>Remise du film sur cl\u00e9 USB personnalis\u00e9e \ud83d\udcfc<\/li>\n\n\n\n<li>Tarif abordable : 25\u20ac<\/li>\n<\/ul>\n\n\n\n<p class=\"has-text-align-left has-text-color\" style=\"color:#03081e;margin-top:0rem;font-size:clamp(0.875rem, 0.875rem + ((1vw - 0.2rem) * 0.225), 1.01rem);font-style:normal;font-weight:400;line-height:1.6\"><br>Notre \u00e9quipe se charge de tout, de l&rsquo;installation de la cam\u00e9ra au montage final, pour vous offrir un souvenir vid\u00e9o exceptionnel !<\/p>\n\n\n\n<p class=\"has-text-color\" style=\"color:#03081e;margin-top:0rem;font-size:0.8rem;font-style:normal;font-weight:300;line-height:1.2\"><\/p>\n\n\n\n<p class=\"has-text-align-left has-text-color\" style=\"color:#03081e;margin-top:0rem;font-size:clamp(0.875rem, 0.875rem + ((1vw - 0.2rem) * 0.225), 1.01rem);font-style:normal;font-weight:400;line-height:1.6\"><\/p>\n<\/div>\n<\/div>\n\n\n\n<div class=\"wp-block-column is-layout-flow wp-block-column-is-layout-flow\">\n<div class=\"wp-block-group is-vertical is-content-justification-left is-layout-flex wp-container-core-group-is-layout-c5d44cae wp-block-group-is-layout-flex\" style=\"min-height:100%\">\n<figure class=\"wp-block-image aligncenter size-full has-custom-border is-style-rounded is-style-rounded--2\"><img decoding=\"async\" src=\"https:\/\/venskigames.wordpress.com\/wp-content\/uploads\/2025\/01\/battle-royale-photo.jpg\" alt=\"\" class=\"wp-image-120\" style=\"border-radius:30px;object-fit:cover\"\/><\/figure>\n<\/div>\n<\/div>\n<\/div>\n<\/section>\n","protected":false},"excerpt":{"rendered":"<p>Formule Cartons d&rsquo;invitations \ud83d\udce8 Simplifiez l&rsquo;organisation de l&rsquo;anniversaire de votre enfant avec notre service de cartons d&rsquo;invitation.&nbsp;Voici comment nous facilitons votre pr\u00e9paration : Tarif abordable Prix : 1.5\u20ac par invitation personnalis\u00e9e et livr\u00e9e Formule pop-corn \ud83c\udf7f Oh \u00e7a cr\u00e9pite !!! Offrez aux enfants un moment de d\u00e9lice et de convivialit\u00e9 avec notre service de pop-corn [&hellip;]<\/p>\n","protected":false},"author":1,"featured_media":0,"parent":0,"menu_order":0,"comment_status":"closed","ping_status":"closed","template":"","meta":{"footnotes":""},"class_list":["post-212","page","type-page","status-publish","hentry"],"yoast_head":"<!-- This site is optimized with the Yoast SEO plugin v27.3 - https:\/\/yoast.com\/product\/yoast-seo-wordpress\/ -->\n<title>Les &quot;plus&quot; \ud83d\udcec\ud83c\udf7f\ud83c\udfa5 - Pop cron, invitations, vid\u00e9os \u00e0 domicile !<\/title>\n<meta name=\"description\" content=\"Animation d&#039;anniversaire originale \u00e0 domicile dans la m\u00e9tropole lilloise. Pop-corn, cartons d&#039;invitation et mini-films souvenirs.\" \/>\n<meta name=\"robots\" content=\"index, follow, max-snippet:-1, max-image-preview:large, max-video-preview:-1\" \/>\n<link rel=\"canonical\" href=\"https:\/\/venskigames.fr\/index.php\/les-plus-2\/\" \/>\n<meta property=\"og:locale\" content=\"fr_FR\" \/>\n<meta property=\"og:type\" content=\"article\" \/>\n<meta property=\"og:title\" content=\"Les &quot;plus&quot; \ud83d\udcec\ud83c\udf7f\ud83c\udfa5 - Pop cron, invitations, vid\u00e9os \u00e0 domicile !\" \/>\n<meta property=\"og:description\" content=\"Animation d&#039;anniversaire originale \u00e0 domicile dans la m\u00e9tropole lilloise. Pop-corn, cartons d&#039;invitation et mini-films souvenirs.\" \/>\n<meta property=\"og:url\" content=\"https:\/\/venskigames.fr\/index.php\/les-plus-2\/\" \/>\n<meta property=\"og:site_name\" content=\"Venski Games \ud83c\udfb2\" \/>\n<meta property=\"article:publisher\" content=\"https:\/\/www.facebook.com\/profile.php?id=61554721726573\" \/>\n<meta property=\"article:modified_time\" content=\"2026-04-07T09:35:10+00:00\" \/>\n<meta name=\"twitter:card\" content=\"summary_large_image\" \/>\n<meta name=\"twitter:label1\" content=\"Dur\u00e9e de lecture estim\u00e9e\" \/>\n\t<meta name=\"twitter:data1\" content=\"2 minutes\" \/>\n<script type=\"application\/ld+json\" class=\"yoast-schema-graph\">{\"@context\":\"https:\\\/\\\/schema.org\",\"@graph\":[{\"@type\":\"WebPage\",\"@id\":\"https:\\\/\\\/venskigames.fr\\\/index.php\\\/les-plus-2\\\/\",\"url\":\"https:\\\/\\\/venskigames.fr\\\/index.php\\\/les-plus-2\\\/\",\"name\":\"Les \\\"plus\\\" \ud83d\udcec\ud83c\udf7f\ud83c\udfa5 - Pop cron, invitations, vid\u00e9os \u00e0 domicile !\",\"isPartOf\":{\"@id\":\"https:\\\/\\\/venskigames.fr\\\/#website\"},\"primaryImageOfPage\":{\"@id\":\"https:\\\/\\\/venskigames.fr\\\/index.php\\\/les-plus-2\\\/#primaryimage\"},\"image\":{\"@id\":\"https:\\\/\\\/venskigames.fr\\\/index.php\\\/les-plus-2\\\/#primaryimage\"},\"thumbnailUrl\":\"https:\\\/\\\/venskigames.wordpress.com\\\/wp-content\\\/uploads\\\/2025\\\/01\\\/cartons-dinvitations-1.png\",\"datePublished\":\"2025-02-04T11:38:12+00:00\",\"dateModified\":\"2026-04-07T09:35:10+00:00\",\"description\":\"Animation d'anniversaire originale \u00e0 domicile dans la m\u00e9tropole lilloise. Pop-corn, cartons d'invitation et mini-films souvenirs.\",\"breadcrumb\":{\"@id\":\"https:\\\/\\\/venskigames.fr\\\/index.php\\\/les-plus-2\\\/#breadcrumb\"},\"inLanguage\":\"fr-FR\",\"potentialAction\":[{\"@type\":\"ReadAction\",\"target\":[\"https:\\\/\\\/venskigames.fr\\\/index.php\\\/les-plus-2\\\/\"]}]},{\"@type\":\"ImageObject\",\"inLanguage\":\"fr-FR\",\"@id\":\"https:\\\/\\\/venskigames.fr\\\/index.php\\\/les-plus-2\\\/#primaryimage\",\"url\":\"https:\\\/\\\/venskigames.wordpress.com\\\/wp-content\\\/uploads\\\/2025\\\/01\\\/cartons-dinvitations-1.png\",\"contentUrl\":\"https:\\\/\\\/venskigames.wordpress.com\\\/wp-content\\\/uploads\\\/2025\\\/01\\\/cartons-dinvitations-1.png\"},{\"@type\":\"BreadcrumbList\",\"@id\":\"https:\\\/\\\/venskigames.fr\\\/index.php\\\/les-plus-2\\\/#breadcrumb\",\"itemListElement\":[{\"@type\":\"ListItem\",\"position\":1,\"name\":\"Accueil\",\"item\":\"https:\\\/\\\/venskigames.fr\\\/\"},{\"@type\":\"ListItem\",\"position\":2,\"name\":\"Les \u00ab\u00a0plus\u00a0\u00bb \ud83d\udcec\ud83c\udf7f\ud83c\udfa5\"}]},{\"@type\":\"WebSite\",\"@id\":\"https:\\\/\\\/venskigames.fr\\\/#website\",\"url\":\"https:\\\/\\\/venskigames.fr\\\/\",\"name\":\"Venski Games\",\"description\":\"L&#039;animation \u00e0 domicile\",\"publisher\":{\"@id\":\"https:\\\/\\\/venskigames.fr\\\/#organization\"},\"potentialAction\":[{\"@type\":\"SearchAction\",\"target\":{\"@type\":\"EntryPoint\",\"urlTemplate\":\"https:\\\/\\\/venskigames.fr\\\/?s={search_term_string}\"},\"query-input\":{\"@type\":\"PropertyValueSpecification\",\"valueRequired\":true,\"valueName\":\"search_term_string\"}}],\"inLanguage\":\"fr-FR\"},{\"@type\":\"Organization\",\"@id\":\"https:\\\/\\\/venskigames.fr\\\/#organization\",\"name\":\"Venski Games\",\"url\":\"https:\\\/\\\/venskigames.fr\\\/\",\"logo\":{\"@type\":\"ImageObject\",\"inLanguage\":\"fr-FR\",\"@id\":\"https:\\\/\\\/venskigames.fr\\\/#\\\/schema\\\/logo\\\/image\\\/\",\"url\":\"https:\\\/\\\/venskigames.fr\\\/wp-content\\\/uploads\\\/2025\\\/01\\\/cropped-Nouveau_Logo-removebg-preview-1.png\",\"contentUrl\":\"https:\\\/\\\/venskigames.fr\\\/wp-content\\\/uploads\\\/2025\\\/01\\\/cropped-Nouveau_Logo-removebg-preview-1.png\",\"width\":512,\"height\":512,\"caption\":\"Venski Games\"},\"image\":{\"@id\":\"https:\\\/\\\/venskigames.fr\\\/#\\\/schema\\\/logo\\\/image\\\/\"},\"sameAs\":[\"https:\\\/\\\/www.facebook.com\\\/profile.php?id=61554721726573\"]}]}<\/script>\n<!-- \/ Yoast SEO plugin. -->","yoast_head_json":{"title":"Les \"plus\" \ud83d\udcec\ud83c\udf7f\ud83c\udfa5 - Pop cron, invitations, vid\u00e9os \u00e0 domicile !","description":"Animation d'anniversaire originale \u00e0 domicile dans la m\u00e9tropole lilloise. Pop-corn, cartons d'invitation et mini-films souvenirs.","robots":{"index":"index","follow":"follow","max-snippet":"max-snippet:-1","max-image-preview":"max-image-preview:large","max-video-preview":"max-video-preview:-1"},"canonical":"https:\/\/venskigames.fr\/index.php\/les-plus-2\/","og_locale":"fr_FR","og_type":"article","og_title":"Les \"plus\" \ud83d\udcec\ud83c\udf7f\ud83c\udfa5 - Pop cron, invitations, vid\u00e9os \u00e0 domicile !","og_description":"Animation d'anniversaire originale \u00e0 domicile dans la m\u00e9tropole lilloise. Pop-corn, cartons d'invitation et mini-films souvenirs.","og_url":"https:\/\/venskigames.fr\/index.php\/les-plus-2\/","og_site_name":"Venski Games \ud83c\udfb2","article_publisher":"https:\/\/www.facebook.com\/profile.php?id=61554721726573","article_modified_time":"2026-04-07T09:35:10+00:00","twitter_card":"summary_large_image","twitter_misc":{"Dur\u00e9e de lecture estim\u00e9e":"2 minutes"},"schema":{"@context":"https:\/\/schema.org","@graph":[{"@type":"WebPage","@id":"https:\/\/venskigames.fr\/index.php\/les-plus-2\/","url":"https:\/\/venskigames.fr\/index.php\/les-plus-2\/","name":"Les \"plus\" \ud83d\udcec\ud83c\udf7f\ud83c\udfa5 - Pop cron, invitations, vid\u00e9os \u00e0 domicile !","isPartOf":{"@id":"https:\/\/venskigames.fr\/#website"},"primaryImageOfPage":{"@id":"https:\/\/venskigames.fr\/index.php\/les-plus-2\/#primaryimage"},"image":{"@id":"https:\/\/venskigames.fr\/index.php\/les-plus-2\/#primaryimage"},"thumbnailUrl":"https:\/\/venskigames.wordpress.com\/wp-content\/uploads\/2025\/01\/cartons-dinvitations-1.png","datePublished":"2025-02-04T11:38:12+00:00","dateModified":"2026-04-07T09:35:10+00:00","description":"Animation d'anniversaire originale \u00e0 domicile dans la m\u00e9tropole lilloise. Pop-corn, cartons d'invitation et mini-films souvenirs.","breadcrumb":{"@id":"https:\/\/venskigames.fr\/index.php\/les-plus-2\/#breadcrumb"},"inLanguage":"fr-FR","potentialAction":[{"@type":"ReadAction","target":["https:\/\/venskigames.fr\/index.php\/les-plus-2\/"]}]},{"@type":"ImageObject","inLanguage":"fr-FR","@id":"https:\/\/venskigames.fr\/index.php\/les-plus-2\/#primaryimage","url":"https:\/\/venskigames.wordpress.com\/wp-content\/uploads\/2025\/01\/cartons-dinvitations-1.png","contentUrl":"https:\/\/venskigames.wordpress.com\/wp-content\/uploads\/2025\/01\/cartons-dinvitations-1.png"},{"@type":"BreadcrumbList","@id":"https:\/\/venskigames.fr\/index.php\/les-plus-2\/#breadcrumb","itemListElement":[{"@type":"ListItem","position":1,"name":"Accueil","item":"https:\/\/venskigames.fr\/"},{"@type":"ListItem","position":2,"name":"Les \u00ab\u00a0plus\u00a0\u00bb \ud83d\udcec\ud83c\udf7f\ud83c\udfa5"}]},{"@type":"WebSite","@id":"https:\/\/venskigames.fr\/#website","url":"https:\/\/venskigames.fr\/","name":"Venski Games","description":"L&#039;animation \u00e0 domicile","publisher":{"@id":"https:\/\/venskigames.fr\/#organization"},"potentialAction":[{"@type":"SearchAction","target":{"@type":"EntryPoint","urlTemplate":"https:\/\/venskigames.fr\/?s={search_term_string}"},"query-input":{"@type":"PropertyValueSpecification","valueRequired":true,"valueName":"search_term_string"}}],"inLanguage":"fr-FR"},{"@type":"Organization","@id":"https:\/\/venskigames.fr\/#organization","name":"Venski Games","url":"https:\/\/venskigames.fr\/","logo":{"@type":"ImageObject","inLanguage":"fr-FR","@id":"https:\/\/venskigames.fr\/#\/schema\/logo\/image\/","url":"https:\/\/venskigames.fr\/wp-content\/uploads\/2025\/01\/cropped-Nouveau_Logo-removebg-preview-1.png","contentUrl":"https:\/\/venskigames.fr\/wp-content\/uploads\/2025\/01\/cropped-Nouveau_Logo-removebg-preview-1.png","width":512,"height":512,"caption":"Venski Games"},"image":{"@id":"https:\/\/venskigames.fr\/#\/schema\/logo\/image\/"},"sameAs":["https:\/\/www.facebook.com\/profile.php?id=61554721726573"]}]}},"_links":{"self":[{"href":"https:\/\/venskigames.fr\/index.php\/wp-json\/wp\/v2\/pages\/212","targetHints":{"allow":["GET"]}}],"collection":[{"href":"https:\/\/venskigames.fr\/index.php\/wp-json\/wp\/v2\/pages"}],"about":[{"href":"https:\/\/venskigames.fr\/index.php\/wp-json\/wp\/v2\/types\/page"}],"author":[{"embeddable":true,"href":"https:\/\/venskigames.fr\/index.php\/wp-json\/wp\/v2\/users\/1"}],"replies":[{"embeddable":true,"href":"https:\/\/venskigames.fr\/index.php\/wp-json\/wp\/v2\/comments?post=212"}],"version-history":[{"count":5,"href":"https:\/\/venskigames.fr\/index.php\/wp-json\/wp\/v2\/pages\/212\/revisions"}],"predecessor-version":[{"id":283,"href":"https:\/\/venskigames.fr\/index.php\/wp-json\/wp\/v2\/pages\/212\/revisions\/283"}],"wp:attachment":[{"href":"https:\/\/venskigames.fr\/index.php\/wp-json\/wp\/v2\/media?parent=212"}],"curies":[{"name":"wp","href":"https:\/\/api.w.org\/{rel}","templated":true}]}}